{"id":444,"date":"2009-04-21T15:20:53","date_gmt":"2009-04-21T14:20:53","guid":{"rendered":"http:\/\/www.ahne-international.de\/?page_id=444"},"modified":"2010-05-28T00:19:19","modified_gmt":"2010-05-27T23:19:19","slug":"der-aktuelle-text","status":"publish","type":"page","link":"https:\/\/www.ahne-international.de\/?page_id=444","title":{"rendered":"Der aktuelle Text"},"content":{"rendered":"<p id=\"header\"> \t<a title=\"top\" name=\"top\"><\/a><\/p>\n<p class=\"main\">&nbsp;<\/p>\n<hr \/>\n<p><strong><em>Kampagne wider die allerortens anzutreffende durch nichts zu entschuldigende und zu allem \u00dcberfluss mit Geldgeilheit innigst gepaarte Inferiorit\u00e4t<\/em><\/strong><\/p>\n<h6>\u00a0Eckkneipen (manchmal muss man die Ecke in der Kneipe suchen) die empfehlenswert sind:<\/h6>\n<p><strong>Basel\/Sui:<\/strong> \u2018Hirscheneck\u2019 (Empfehlung von Benji)<\/p>\n<p><strong>Berlin<\/strong>: \u2018Musikerklause\u2019 in der Torstra\u00dfe, <em>beatleslastig<\/em>, \u2018Nordring\u2019 in der Stargarder Stra\u00dfe (umge\u00e4ndert nach einem Hinweis von <a href=\"http:\/\/www.baufresse.de\/\" target=\"_blank\">Andreas Gl\u00e4ser<\/a>), \u2018Bornholmer H\u00fctte\u2019 in der Bornholmer Stra\u00dfe, <em>sehr leckere Buletten<\/em>, \u2018Barrikade\u2019 in der Buttmannstra\u00dfe, <em>den Hausmarkeschnaps sollte man vor Tagen an denen man wichtige Termine hat nur in Ma\u00dfen genie\u00dfen<\/em>, \u2018Mittendrin\u2019 in der Weserstra\u00dfe, <em>Dartkneipe<\/em>, \u2018Buck\u2019 in der Feldtmannstra\u00dfe 143 (Hinweis von <a href=\"http:\/\/www.andreaskrenzke.de\/\" target=\"_blank\">Spider<\/a>), \u2018B\u00e4renschenke\u2019 in der Friedrichstra\u00dfe, \u2018Baiz\u2019 in der Christinenstra\u00dfe, \u2018Mahlzeit\u2019 in der Berliner Stra\u00dfe, \u2018Kr\u00fcger\u2019 in der Weser\/Ecke\/M\u00fcggelstr. in Friedrichshain (empfohlen von Chief of Biermarathon), \u2018Zum Postkutscher\u2019 in der Brunnenstra\u00dfe (Wedding), <em>Blutwurst 3, 40 \u20ac, gro\u00dfes Bier 1,50 \u20ac<\/em><\/p>\n<p><strong>Chemnitz:<\/strong> \u2018Svejk\u2019, <em>leckere tschechische K\u00fcche<\/em><\/p>\n<p><strong>Dresden<\/strong>: \u2018Bautzner Tor\u2019, <em>Gespr\u00e4che mit dem General bitte unbedingt vermeiden<\/em><\/p>\n<p><strong>Duisburg<\/strong>: \u2018L\u00f6schquelle\u2019 (N\u00e4he Hauptbahnhof),<em> Gespr\u00e4che mit dem Einen, der sich als Ruhrpott-Kanacke bezeichnet bitte absolut unbedingt vermeiden, <\/em>&#8218;Paulaner-Treff&#8216;, 7 H\u00e4user links von der &#8218;L\u00f6schquelle&#8216;,<em> Raucherclub, man muss, bevor man ein Bier bekommt Mitgliedsantr\u00e4ge ausf\u00fcllen, wird allerdings darauf hingewiesen, dass Name und Adresse nicht gar so streng kontrolliert werden, nicht so g\u00fcnstig wie die &#8218;L\u00f6schquelle&#8216; daf\u00fcr aber \u00e4hnliches Klientel<br \/>\n<\/em><\/p>\n<p><strong>G\u00f6ttingen:<\/strong> &#8218;Sonderbar&#8216; (Kurzenstra\u00dfe 10), <em>fr\u00fcher &#8218;Zum Korken&#8216;<\/em> (Tipp von Belinda), &#8218;Kleine Commende&#8216; (Groner\/Ecke\/Torstr. Tipp von Belinda)<\/p>\n<p><strong>K\u00f6ln:<\/strong> &#8218;Neusser Stube&#8216; (Neusser Stra\u00dfe), <em>unfreundlicher ungarischer Wirt mit dem Herz auf dem rechten Fleck, wei\u00df schon 2 min. vorher wann ein Stammgast eintrifft und stellt diesem ein Bier und `n Korn auf seinen Platz &#8211; Verzeihung, nat\u00fcrlich ein K\u00f6lsch<\/em><\/p>\n<p><strong>Leipzig<\/strong>: \u2018Schnellb\u00fcfett S\u00fcd\u2019 in der Karl Liebknecht Stra\u00dfe, <em>schon in der Fr\u00fche deftige Speisen<\/em>, \u2018Werk 3? in der Bornaischen Stra\u00dfe, <em>bis zum Morgengrauen ge\u00f6ffnet, manchmal etwas robuste Kundschaft<\/em>, \u2018Frau Krause\u2019 in der Simildenstra\u00dfe\/Ecke\/Simildenstra\u00dfe (eine Stra\u00dfe, die laut Tippgeber Sebastian selbst um die Ecke geht), \u2018Waldsch\u00e4nke\u2019 in der Bornaischen Stra\u00dfe<em>, Bauer-Bier gibt es leider keines mehr, weil Herr Bauer ver<\/em><em>storben ist aber Bauernfr\u00fchst\u00fcck ist sehr zu empfehlen<\/em>, \u2018Sanatorium\u2019 in der Bornaischen Stra\u00dfe, <em>symphatische Arbeitsmoral der Bedienung (man rei\u00dft sich kein Bein aus) passt zu symphatischen Preisen<\/em><\/p>\n<p><strong>London\/GB:<\/strong> \u2018The Cock\u2019, <em>keine Musik vom Band<\/em><\/p>\n<p><strong>Linda\/Elster:<\/strong> \u2018Deutsches Haus\u2019 (Empfehlung von Alex)<\/p>\n<p><strong>Oberhausen: <\/strong>\u2018Yesterday\u2019 ehemals \u2018Piano\u2019 in der Neum\u00fchler Str. 2 (empfohlen von Matthias Reuter, \u2018Zum Postweg\u2019 Postweg 135, <em>Bier wird ungefragt nachgebracht bis man Stopp sagt<\/em> (empfohlen von Matthias Reuter), \u2018Brandenburger Hof\u2019 in der Brandenburger Str. 2, <em>Taxifahrerkneipe, Essen bis halb 4<\/em> (empfohlen von Matthias Reuter)<\/p>\n<p><strong>Saalfeld: <\/strong>\u2018Bahnhofskiosk\u2019, <em>Treffpunkt der Creme de la creme des Saalfelder Subproletariats<\/em><\/p>\n<p><strong>Stockholm\/Swe:<\/strong> \u2018Davos Sankt Eriksgatan\u2019 in der Ahlstr\u00f6mergatan (empfohlen von Edward), \u2018Rabarber Torsgatan\u2019 in Karlsbergv\u00e4gen (empfohlen von Edward), \u2018KGB Malmskillnadsgatan\u2019 in der Olof Palme Gatan (empfohlen von Edward)<\/p>\n<p>Tipp f\u00fcr heute: Diese Auflistung vervollst\u00e4ndigen.<\/p>\n","protected":false},"excerpt":{"rendered":"<p>&nbsp; Kampagne wider die allerortens anzutreffende durch nichts zu entschuldigende und zu allem \u00dcberfluss mit Geldgeilheit innigst gepaarte Inferiorit\u00e4t \u00a0Eckkneipen (manchmal muss man die Ecke in der Kneipe suchen) die empfehlenswert sind: Basel\/Sui: \u2018Hirscheneck\u2019 (Empfehlung von Benji) Berlin: \u2018Musikerklause\u2019 in der Torstra\u00dfe, beatleslastig, \u2018Nordring\u2019 in der Stargarder Stra\u00dfe (umge\u00e4ndert nach einem Hinweis von Andreas Gl\u00e4ser), [&hellip;]<\/p>\n","protected":false},"author":3,"featured_media":0,"parent":10,"menu_order":0,"comment_status":"open","ping_status":"open","template":"","meta":{"footnotes":""},"class_list":["post-444","page","type-page","status-publish","hentry"],"_links":{"self":[{"href":"https:\/\/www.ahne-international.de\/index.php?rest_route=\/wp\/v2\/pages\/444","targetHints":{"allow":["GET"]}}],"collection":[{"href":"https:\/\/www.ahne-international.de\/index.php?rest_route=\/wp\/v2\/pages"}],"about":[{"href":"https:\/\/www.ahne-international.de\/index.php?rest_route=\/wp\/v2\/types\/page"}],"author":[{"embeddable":true,"href":"https:\/\/www.ahne-international.de\/index.php?rest_route=\/wp\/v2\/users\/3"}],"replies":[{"embeddable":true,"href":"https:\/\/www.ahne-international.de\/index.php?rest_route=%2Fwp%2Fv2%2Fcomments&post=444"}],"version-history":[{"count":0,"href":"https:\/\/www.ahne-international.de\/index.php?rest_route=\/wp\/v2\/pages\/444\/revisions"}],"up":[{"embeddable":true,"href":"https:\/\/www.ahne-international.de\/index.php?rest_route=\/wp\/v2\/pages\/10"}],"wp:attachment":[{"href":"https:\/\/www.ahne-international.de\/index.php?rest_route=%2Fwp%2Fv2%2Fmedia&parent=444"}],"curies":[{"name":"wp","href":"https:\/\/api.w.org\/{rel}","templated":true}]}}